{"id":982,"date":"2024-01-31T12:54:33","date_gmt":"2024-01-31T11:54:33","guid":{"rendered":"https:\/\/alecop.com\/maquinas-electricas\/"},"modified":"2025-07-22T11:50:00","modified_gmt":"2025-07-22T09:50:00","slug":"maquinas-electricas","status":"publish","type":"page","link":"https:\/\/alecop.com\/eu\/maquinas-electricas\/","title":{"rendered":"Makina elektrikoak"},"content":{"rendered":"\n\n\t\t\tEremuak\n\t\t<h1>\n\t\t\tMakina elektrikoak\n\t\t<\/h1>\n\t<p><strong>Makina elektrikoak, estatikoak eta birakariak<\/strong> aztertzeko baliabide didaktikoak. Funtzionamenduaren printzipioak, automatismoen eraikuntza, mantenu-eragiketak eta makinen entsegua.<\/p>\n\t<a href=\"https:\/\/alecop.com\/sdc_download\/843\/?key=jypw3khz5xzxr4vzhcfenqv747jvo4\" target=\"_blank\" role=\"button\" rel=\"noopener\" aria-label=\"Katalogoa deskargatu\">\n\t\t\t\t\t\tKatalogoa deskargatu\n\t\t\t\t\t<\/a>\n\t<a href=\"https:\/\/alecop.com\/eu\/descargas\/#maquinas-electricas\" target=\"_blank\" role=\"button\" rel=\"noopener\" aria-label=\"Softwarea deskargatu\">\n\t\t\t\t\t\tSoftwarea deskargatu\n\t\t\t\t\t<\/a>\n\t<a href=\"https:\/\/www.youtube.com\/watch?v=Selx9rAF_RQ&#038;ab_channel=AlecopGroup\" target=\"_blank\" role=\"button\" rel=\"noopener\" aria-label=\"Ikus bideoa\">\n\t\t\t\t\t\tIkus bideoa\n\t\t\t\t\t<\/a>\n\t\t\t\t<a href=\"https:\/\/alecop.com\/wp-content\/uploads\/alecop_maquinas-electricas.jpg\"  target=\"_self\" itemprop=\"url\">\n\t\t\t\t<img decoding=\"async\" src=\"https:\/\/alecop.com\/wp-content\/uploads\/alecop_maquinas-electricas.jpg\" alt=\"equipamiento did\u00e1ctico de m\u00e1quinas el\u00e9ctricas\" itemprop=\"image\" height=\"1025\" width=\"1200\" title=\"alecop_maquinas-electricas\" onerror=\"this.style.display='none'\" loading=\"lazy\" \/>\n\t\t\t\t<\/a>\n\n","protected":false},"excerpt":{"rendered":"<p>Eremuak Makina elektrikoak Makina elektrikoak, estatikoak eta birakariak aztertzeko baliabide didaktikoak. Funtzionamenduaren printzipioak, automatismoen eraikuntza, mantenu-eragiketak eta makinen entsegua. Katalogoa deskargatu Softwarea deskargatu Ikus bideoa<\/p>\n","protected":false},"author":1,"featured_media":0,"parent":0,"menu_order":0,"comment_status":"closed","ping_status":"closed","template":"","meta":{"footnotes":""},"class_list":["post-982","page","type-page","status-publish","hentry"],"_links":{"self":[{"href":"https:\/\/alecop.com\/eu\/wp-json\/wp\/v2\/pages\/982","targetHints":{"allow":["GET"]}}],"collection":[{"href":"https:\/\/alecop.com\/eu\/wp-json\/wp\/v2\/pages"}],"about":[{"href":"https:\/\/alecop.com\/eu\/wp-json\/wp\/v2\/types\/page"}],"author":[{"embeddable":true,"href":"https:\/\/alecop.com\/eu\/wp-json\/wp\/v2\/users\/1"}],"replies":[{"embeddable":true,"href":"https:\/\/alecop.com\/eu\/wp-json\/wp\/v2\/comments?post=982"}],"version-history":[{"count":0,"href":"https:\/\/alecop.com\/eu\/wp-json\/wp\/v2\/pages\/982\/revisions"}],"wp:attachment":[{"href":"https:\/\/alecop.com\/eu\/wp-json\/wp\/v2\/media?parent=982"}],"curies":[{"name":"wp","href":"https:\/\/api.w.org\/{rel}","templated":true}]}}