{"id":1003,"date":"2024-01-31T14:00:44","date_gmt":"2024-01-31T13:00:44","guid":{"rendered":"https:\/\/alecop.com\/energias-renovables-y-eficiencia-energetica\/"},"modified":"2025-07-22T11:49:12","modified_gmt":"2025-07-22T09:49:12","slug":"energias-renovables-y-eficiencia-energetica","status":"publish","type":"page","link":"https:\/\/alecop.com\/eu\/energias-renovables-y-eficiencia-energetica\/","title":{"rendered":"Energia berriztagarriak eta energia-efizientzia"},"content":{"rendered":"\n\n\t\t\tEremuak\n\t\t<h1>\n\t\t\tEnergia berriztagarriak\n\t\t\t\t\t\t\t\t\t\t\teta energia-efizientzia\n\t\t<\/h1>\n\t<p>Alecop-ek ekoizten dituen entrenatzaile sortari esker, ikasleek energia berriztagarriko iturri ezberdinen funtzionamendua ulertzea lortzen dute laborategitik irten gabe. Hor sartzen dira, besteak beste, <strong>eguzki-entrenatzaileak, eolikoko entrenatzaileak, sorkuntza hidroelektrikoa, aerosorgailuen entsegu-bankuak, etab.<\/strong>. Aukera ezberdinak daude, ekipamenduekin eskuz lan egitea edo PC bidez kontrolatzea ahalbidetzekoak.<\/p>\n\t<a href=\"https:\/\/alecop.com\/sdc_download\/849\/?key=h44zw0766zp27dxyqtgzf3rj8vxgd8\" target=\"_blank\" role=\"button\" rel=\"noopener\" aria-label=\"Katalogoa deskargatu\">\n\t\t\t\t\t\tKatalogoa deskargatu\n\t\t\t\t\t<\/a>\n\t<a href=\"https:\/\/alecop.com\/eu\/descargas\/#energias-renovables\" target=\"_blank\" role=\"button\" rel=\"noopener\" aria-label=\"Softwarea deskargatu\">\n\t\t\t\t\t\tSoftwarea deskargatu\n\t\t\t\t\t<\/a>\n\t<a href=\"https:\/\/www.youtube.com\/watch?v=4NoNms-3psM&#038;ab_channel=AlecopGroup\" target=\"_blank\" role=\"button\" rel=\"noopener\" aria-label=\"Ikus bideoa\">\n\t\t\t\t\t\tIkus bideoa\n\t\t\t\t\t<\/a>\n\t\t\t\t<a href=\"https:\/\/alecop.com\/wp-content\/uploads\/alecop_energias-renovables.jpg\"  target=\"_self\" itemprop=\"url\">\n\t\t\t\t<img decoding=\"async\" src=\"https:\/\/alecop.com\/wp-content\/uploads\/alecop_energias-renovables.jpg\" alt=\"equipamiento did\u00e1ctico de energ\u00edas renovables y eficiencia energ\u00e9tica\" itemprop=\"image\" height=\"604\" width=\"659\" title=\"alecop_energias-renovables\" onerror=\"this.style.display='none'\" loading=\"lazy\" \/>\n\t\t\t\t<\/a>\n\n","protected":false},"excerpt":{"rendered":"<p>Eremuak Energia berriztagarriak eta energia-efizientzia Alecop-ek ekoizten dituen entrenatzaile sortari esker, ikasleek energia berriztagarriko iturri ezberdinen funtzionamendua ulertzea lortzen dute laborategitik irten gabe. Hor sartzen dira, besteak beste, eguzki-entrenatzaileak, eolikoko entrenatzaileak, sorkuntza hidroelektrikoa, aerosorgailuen entsegu-bankuak, etab.. Aukera ezberdinak daude, ekipamenduekin eskuz lan egitea edo PC bidez kontrolatzea ahalbidetzekoak. Katalogoa deskargatu Softwarea deskargatu Ikus bideoa<\/p>\n","protected":false},"author":1,"featured_media":0,"parent":0,"menu_order":0,"comment_status":"closed","ping_status":"closed","template":"","meta":{"footnotes":""},"class_list":["post-1003","page","type-page","status-publish","hentry"],"_links":{"self":[{"href":"https:\/\/alecop.com\/eu\/wp-json\/wp\/v2\/pages\/1003","targetHints":{"allow":["GET"]}}],"collection":[{"href":"https:\/\/alecop.com\/eu\/wp-json\/wp\/v2\/pages"}],"about":[{"href":"https:\/\/alecop.com\/eu\/wp-json\/wp\/v2\/types\/page"}],"author":[{"embeddable":true,"href":"https:\/\/alecop.com\/eu\/wp-json\/wp\/v2\/users\/1"}],"replies":[{"embeddable":true,"href":"https:\/\/alecop.com\/eu\/wp-json\/wp\/v2\/comments?post=1003"}],"version-history":[{"count":0,"href":"https:\/\/alecop.com\/eu\/wp-json\/wp\/v2\/pages\/1003\/revisions"}],"wp:attachment":[{"href":"https:\/\/alecop.com\/eu\/wp-json\/wp\/v2\/media?parent=1003"}],"curies":[{"name":"wp","href":"https:\/\/api.w.org\/{rel}","templated":true}]}}