{"id":558,"date":"2024-01-31T14:00:44","date_gmt":"2024-01-31T13:00:44","guid":{"rendered":"https:\/\/alecop.com\/energias-renovables-y-eficiencia-energetica\/"},"modified":"2025-07-22T11:56:18","modified_gmt":"2025-07-22T09:56:18","slug":"energias-renovables-y-eficiencia-energetica","status":"publish","type":"page","link":"https:\/\/alecop.com\/en\/energias-renovables-y-eficiencia-energetica\/","title":{"rendered":"Renewable energy and energy efficiency"},"content":{"rendered":"\n\n\t\t\tAreas\n\t\t<h1>\n\t\t\tRenewable energy \n\t\t\t\t\t\t\t\t\t\t\tand energy efficiency\n\t\t<\/h1>\n\t<p>Alecop produces a range of trainers that allow students to gain an understanding of the operation of different renewable energy sources without leaving the laboratory, covering <strong>trainers for solar power, wind energy, hydroelectric generation, wind turbine test bench, etc. <\/strong>Different options allow manual work with the equipment or control from the PC.<\/p>\n\t<a href=\"https:\/\/alecop.com\/sdc_download\/862\/?key=st7hmwt6hwyxebos6k2lweroevyleg\" target=\"_blank\" role=\"button\" rel=\"noopener\" aria-label=\"Download catalogue\">\n\t\t\t\t\t\tDownload catalogue\n\t\t\t\t\t<\/a>\n\t<a href=\"https:\/\/alecop.com\/en\/descargas\/#energias-renovables\" target=\"_blank\" role=\"button\" rel=\"noopener\" aria-label=\"Download software\">\n\t\t\t\t\t\tDownload software\n\t\t\t\t\t<\/a>\n\t<a href=\"https:\/\/www.youtube.com\/watch?v=HbebIHeJe_o\" target=\"_blank\" role=\"button\" rel=\"noopener\" aria-label=\"Watch video\">\n\t\t\t\t\t\tWatch video\n\t\t\t\t\t<\/a>\n\t\t\t\t<a href=\"https:\/\/alecop.com\/wp-content\/uploads\/alecop_energias-renovables.jpg\"  target=\"_self\" itemprop=\"url\">\n\t\t\t\t<img decoding=\"async\" src=\"https:\/\/alecop.com\/wp-content\/uploads\/alecop_energias-renovables.jpg\" alt=\"equipamiento did\u00e1ctico de energ\u00edas renovables y eficiencia energ\u00e9tica\" itemprop=\"image\" height=\"604\" width=\"659\" title=\"alecop_energias-renovables\" onerror=\"this.style.display='none'\" loading=\"lazy\" \/>\n\t\t\t\t<\/a>\n\n","protected":false},"excerpt":{"rendered":"<p>Areas Renewable energy and energy efficiency Alecop produces a range of trainers that allow students to gain an understanding of the operation of different renewable energy sources without leaving the laboratory, covering trainers for solar power, wind energy, hydroelectric generation, wind turbine test bench, etc. Different options allow manual work with the equipment or control&hellip;<\/p>\n","protected":false},"author":1,"featured_media":0,"parent":0,"menu_order":0,"comment_status":"closed","ping_status":"closed","template":"","meta":{"footnotes":""},"class_list":["post-558","page","type-page","status-publish","hentry"],"_links":{"self":[{"href":"https:\/\/alecop.com\/en\/wp-json\/wp\/v2\/pages\/558","targetHints":{"allow":["GET"]}}],"collection":[{"href":"https:\/\/alecop.com\/en\/wp-json\/wp\/v2\/pages"}],"about":[{"href":"https:\/\/alecop.com\/en\/wp-json\/wp\/v2\/types\/page"}],"author":[{"embeddable":true,"href":"https:\/\/alecop.com\/en\/wp-json\/wp\/v2\/users\/1"}],"replies":[{"embeddable":true,"href":"https:\/\/alecop.com\/en\/wp-json\/wp\/v2\/comments?post=558"}],"version-history":[{"count":0,"href":"https:\/\/alecop.com\/en\/wp-json\/wp\/v2\/pages\/558\/revisions"}],"wp:attachment":[{"href":"https:\/\/alecop.com\/en\/wp-json\/wp\/v2\/media?parent=558"}],"curies":[{"name":"wp","href":"https:\/\/api.w.org\/{rel}","templated":true}]}}